{"id":823,"date":"2026-04-14T19:06:13","date_gmt":"2026-04-14T19:06:13","guid":{"rendered":"https:\/\/solartech.life\/?page_id=823"},"modified":"2026-04-14T19:06:32","modified_gmt":"2026-04-14T19:06:32","slug":"politika-zasebnosti","status":"publish","type":"page","link":"https:\/\/solartech.life\/srb\/politika-zasebnosti\/","title":{"rendered":"Politika zasebnosti"},"content":{"rendered":"<p>Na spletni strani SolarTech zbiramo osebne podatke preko kontaktnega obrazca in pi\u0161kotkov.<\/p>\n\n\n\n<p>Zbiramo naslednje osebne podatke:<\/p>\n\n\n\n<ul class=\"wp-block-list\">\n<li>ime in priimek<\/li>\n\n\n\n<li>e-po\u0161tni naslov<\/li>\n\n\n\n<li>sporo\u010dilo uporabnika<\/li>\n<\/ul>\n\n\n\n<p>Podatki se zbirajo z namenom odgovora na povpra\u0161evanje in komunikacijo z uporabniki.<\/p>\n\n\n\n<p>Osebni podatki se ne posredujejo tretjim osebam in se hranijo varno.<\/p>\n\n\n\n<p>Uporabnik lahko kadarkoli zahteva vpogled, popravek ali izbris svojih podatkov preko e-po\u0161te.<\/p>\n\n\n\n<p>Spletna stran uporablja pi\u0161kotke za izbolj\u0161anje uporabni\u0161ke izku\u0161nje.<\/p>","protected":false},"excerpt":{"rendered":"<p>Na spletni strani SolarTech zbiramo osebne podatke preko kontaktnega obrazca in pi\u0161kotkov. Zbiramo naslednje osebne podatke: Podatki se zbirajo z namenom odgovora na povpra\u0161evanje in komunikacijo z uporabniki. Osebni podatki se ne posredujejo tretjim osebam in se hranijo varno. Uporabnik lahko kadarkoli zahteva vpogled, popravek ali izbris svojih podatkov preko e-po\u0161te. Spletna stran uporablja pi\u0161kotke [&hellip;]<\/p>\n","protected":false},"author":3,"featured_media":0,"parent":0,"menu_order":0,"comment_status":"closed","ping_status":"closed","template":"","meta":{"footnotes":""},"class_list":["post-823","page","type-page","status-publish","hentry"],"_links":{"self":[{"href":"https:\/\/solartech.life\/srb\/wp-json\/wp\/v2\/pages\/823","targetHints":{"allow":["GET"]}}],"collection":[{"href":"https:\/\/solartech.life\/srb\/wp-json\/wp\/v2\/pages"}],"about":[{"href":"https:\/\/solartech.life\/srb\/wp-json\/wp\/v2\/types\/page"}],"author":[{"embeddable":true,"href":"https:\/\/solartech.life\/srb\/wp-json\/wp\/v2\/users\/3"}],"replies":[{"embeddable":true,"href":"https:\/\/solartech.life\/srb\/wp-json\/wp\/v2\/comments?post=823"}],"version-history":[{"count":2,"href":"https:\/\/solartech.life\/srb\/wp-json\/wp\/v2\/pages\/823\/revisions"}],"predecessor-version":[{"id":825,"href":"https:\/\/solartech.life\/srb\/wp-json\/wp\/v2\/pages\/823\/revisions\/825"}],"wp:attachment":[{"href":"https:\/\/solartech.life\/srb\/wp-json\/wp\/v2\/media?parent=823"}],"curies":[{"name":"wp","href":"https:\/\/api.w.org\/{rel}","templated":true}]}}