{"id":655,"date":"2026-03-30T20:11:31","date_gmt":"2026-03-30T20:11:31","guid":{"rendered":"https:\/\/solartech.life\/?page_id=655"},"modified":"2026-05-04T10:57:04","modified_gmt":"2026-05-04T10:57:04","slug":"povprasevanje","status":"publish","type":"page","link":"https:\/\/solartech.life\/srb\/povprasevanje\/","title":{"rendered":"\u0414\u043e\u0431\u0438\u0458\u0442\u0435 \u043f\u043e\u043d\u0443\u0434\u0443"},"content":{"rendered":"\t\t<div data-elementor-type=\"wp-page\" data-elementor-id=\"655\" class=\"elementor elementor-655\">\n\t\t\t\t<div class=\"elementor-element elementor-element-b8e72e9 e-flex e-con-boxed e-con e-parent\" data-id=\"b8e72e9\" data-element_type=\"container\" data-e-type=\"container\" data-settings=\"{&quot;background_background&quot;:&quot;classic&quot;}\">\n\t\t\t\t\t<div class=\"e-con-inner\">\n\t\t\t\t<div class=\"elementor-element elementor-element-c40af28 custom-form elementor-widget elementor-widget-wpforms\" data-id=\"c40af28\" data-element_type=\"widget\" data-e-type=\"widget\" data-widget_type=\"wpforms.default\">\n\t\t\t\t<div class=\"elementor-widget-container\">\n\t\t\t\t\t<style id=\"wpforms-css-vars-elementor-widget-c40af28\">\n\t\t\t\t.elementor-widget-wpforms.elementor-element-c40af28 {\n\t\t\t\t--wpforms-field-border-radius: 8px;\n--wpforms-field-border-color: #DDDDDD;\n--wpforms-field-border-color-spare: #DDDDDD;\n--wpforms-field-text-color: #444444;\n--wpforms-label-color: #262626;\n--wpforms-label-sublabel-color: #7f7f7f;\n--wpforms-label-error-color: #ff0000;\n--wpforms-button-border-style: solid;\n--wpforms-button-border-radius: 8px;\n--wpforms-button-background-color: #000000;\n--wpforms-button-border-color: #cccccc;\n--wpforms-button-text-color: #FFFFFF;\n--wpforms-page-break-color: #dddddd;\n--wpforms-field-size-input-height: 31px;\n--wpforms-field-size-input-spacing: 10px;\n--wpforms-field-size-font-size: 14px;\n--wpforms-field-size-line-height: 17px;\n--wpforms-field-size-padding-h: 9px;\n--wpforms-field-size-checkbox-size: 14px;\n--wpforms-field-size-sublabel-spacing: 5px;\n--wpforms-field-size-icon-size: 0.75;\n--wpforms-label-size-font-size: 14px;\n--wpforms-label-size-line-height: 17px;\n--wpforms-label-size-sublabel-font-size: 13px;\n--wpforms-label-size-sublabel-line-height: 16px;\n\t\t\t}\n\t\t\t<\/style><div class=\"wpforms-container wpforms-container-full wpforms-render-modern\" id=\"wpforms-666\"><form id=\"wpforms-form-666\" class=\"wpforms-validate wpforms-form wpforms-ajax-form\" data-formid=\"666\" method=\"post\" enctype=\"multipart\/form-data\" action=\"\/srb\/wp-json\/wp\/v2\/pages\/655\" data-token=\"4560f17ea0f85a39cd9c2aa090f44c44\" data-token-time=\"1778547490\"><noscript class=\"wpforms-error-noscript\">Please enable JavaScript in your browser to complete this form.<\/noscript><div id=\"wpforms-error-noscript\" style=\"display: none;\">Please enable JavaScript in your browser to complete this form.<\/div><div class=\"wpforms-field-container\"><div id=\"wpforms-666-field_1-container\" class=\"wpforms-field wpforms-field-name\" data-field-id=\"1\"><label class=\"wpforms-field-label\" for=\"wpforms-666-field_1\">Ime in priimek <span class=\"wpforms-required-label\" aria-hidden=\"true\">*<\/span><\/label><input type=\"text\" id=\"wpforms-666-field_1\" class=\"wpforms-field-medium wpforms-field-required\" name=\"wpforms[fields][1]\" aria-errormessage=\"wpforms-666-field_1-error\" required><\/div><div id=\"wpforms-666-field_2-container\" class=\"wpforms-field wpforms-field-email\" data-field-id=\"2\"><label class=\"wpforms-field-label\" for=\"wpforms-666-field_2\">E-po\u0161ta <span class=\"wpforms-required-label\" aria-hidden=\"true\">*<\/span><\/label><input type=\"email\" id=\"wpforms-666-field_2\" class=\"wpforms-field-medium wpforms-field-required\" name=\"wpforms[fields][2]\" spellcheck=\"false\" aria-errormessage=\"wpforms-666-field_2-error\" required><\/div><div id=\"wpforms-666-field_10-container\" class=\"wpforms-field wpforms-field-select wpforms-field-select-style-classic\" data-field-id=\"10\"><label class=\"wpforms-field-label\" for=\"wpforms-666-field_10\">Vrsta objekta <span class=\"wpforms-required-label\" aria-hidden=\"true\">*<\/span><\/label><select id=\"wpforms-666-field_10\" class=\"wpforms-field-medium wpforms-field-required\" name=\"wpforms[fields][10]\" required=\"required\"><option value=\"\" class=\"placeholder\" disabled  selected='selected'>Izberi<\/option><option value=\"Hi\u0161a\"  class=\"choice-1 depth-1\"  >Hi\u0161a<\/option><option value=\"Stanovanjska stavba\"  class=\"choice-2 depth-1\"  >Stanovanjska stavba<\/option><option value=\"Poslovni objekt\"  class=\"choice-3 depth-1\"  >Poslovni objekt<\/option><option value=\"Industrijski objekt\"  class=\"choice-4 depth-1\"  >Industrijski objekt<\/option><option value=\"Drugo\"  class=\"choice-5 depth-1\"  >Drugo<\/option><\/select><\/div><div id=\"wpforms-666-field_11-container\" class=\"wpforms-field wpforms-field-number-slider\" data-field-id=\"11\"><label class=\"wpforms-field-label\" for=\"wpforms-666-field_11\">Velikost objekta \/ strehe v m\u00b2<\/label>\n<input\n\ttype=\"range\"\n\tid=\"wpforms-666-field_11\" class=\"wpforms-field-medium\" name=\"wpforms[fields][11]\" value=\"0\" aria-errormessage=\"wpforms-666-field_11-error\"\t\tmin=\"0\"\n\tmax=\"10000\"\n\tstep=\"1\">\n\n<div class=\"wpforms-field-number-slider-hint\"\n\tdata-hint=\"Selected Value: {value}\">\n\tSelected Value: <b>0<\/b><\/div>\n<\/div>\t\t<div id=\"wpforms-666-field_4-container\"\n\t\t\tclass=\"wpforms-field wpforms-field-text\"\n\t\t\tdata-field-type=\"text\"\n\t\t\tdata-field-id=\"4\"\n\t\t\t>\n\t\t\t<label class=\"wpforms-field-label\" for=\"wpforms-666-field_4\" >Va\u0161e objekta m\u00b2<\/label>\n\t\t\t<input type=\"text\" id=\"wpforms-666-field_4\" class=\"wpforms-field-medium\" name=\"wpforms[fields][4]\" >\n\t\t<\/div>\n\t\t<div id=\"wpforms-666-field_3-container\" class=\"wpforms-field wpforms-field-textarea\" data-field-id=\"3\"><label class=\"wpforms-field-label\" for=\"wpforms-666-field_3\">Va\u0161e vpra\u0161anje<\/label><textarea id=\"wpforms-666-field_3\" class=\"wpforms-field-medium\" name=\"wpforms[fields][3]\" aria-errormessage=\"wpforms-666-field_3-error\" aria-describedby=\"wpforms-666-field_3-description\" ><\/textarea><div id=\"wpforms-666-field_3-description\" class=\"wpforms-field-description\">Napi\u0161ite ve\u010d podrobnosti o va\u0161em objektu, porabi elektrike, \u017eeljah in vpra\u0161anju glede cene ali namestitve.<\/div><\/div><div id=\"wpforms-666-field_13-container\" class=\"wpforms-field wpforms-field-checkbox gdpr-fix\" data-field-id=\"13\"><fieldset><legend class=\"wpforms-field-label\">GDPR soglasje <span class=\"wpforms-required-label\" aria-hidden=\"true\">*<\/span><\/legend><ul id=\"wpforms-666-field_13\" class=\"wpforms-field-required\"><li class=\"choice-1 depth-1 wpforms-selected\"><input type=\"checkbox\" id=\"wpforms-666-field_13_1\" name=\"wpforms[fields][13][]\" value=\"Strinjam se z obdelavo osebnih podatkov v skladu s politiko zasebnosti.\" aria-errormessage=\"wpforms-666-field_13_1-error\" required  checked='checked'><label class=\"wpforms-field-label-inline\" for=\"wpforms-666-field_13_1\">Strinjam se z obdelavo osebnih podatkov v skladu s politiko zasebnosti.<\/label><\/li><\/ul><\/fieldset><\/div><script>\n\t\t\t\t( function() {\n\t\t\t\t\tconst style = document.createElement( 'style' );\n\t\t\t\t\tstyle.appendChild( document.createTextNode( '#wpforms-666-field_4-container { position: absolute !important; overflow: hidden !important; display: inline !important; height: 1px !important; width: 1px !important; z-index: -1000 !important; padding: 0 !important; } #wpforms-666-field_4-container input { visibility: hidden; } #wpforms-conversational-form-page #wpforms-666-field_4-container label { counter-increment: none; }' ) );\n\t\t\t\t\tdocument.head.appendChild( style );\n\t\t\t\t\tdocument.currentScript?.remove();\n\t\t\t\t} )();\n\t\t\t<\/script><\/div><!-- .wpforms-field-container --><div class=\"wpforms-submit-container\" ><input type=\"hidden\" name=\"wpforms[id]\" value=\"666\"><input type=\"hidden\" name=\"page_title\" value=\"\"><input type=\"hidden\" name=\"page_url\" value=\"https:\/\/solartech.life\/srb\/wp-json\/wp\/v2\/pages\/655\"><input type=\"hidden\" name=\"url_referer\" value=\"\"><button type=\"submit\" name=\"wpforms[submit]\" id=\"wpforms-submit-666\" class=\"wpforms-submit\" data-alt-text=\"Po\u0161iljanje ...\" data-submit-text=\"Pridobite ponudbo\" aria-live=\"assertive\" value=\"wpforms-submit\">Pridobite ponudbo<\/button><img decoding=\"async\" src=\"https:\/\/solartech.life\/wp-content\/plugins\/wpforms-lite\/assets\/images\/submit-spin.svg\" class=\"wpforms-submit-spinner\" style=\"display: none;\" width=\"26\" height=\"26\" alt=\"Loading\"><\/div><\/form><\/div>  <!-- .wpforms-container -->\t\t\t\t<\/div>\n\t\t\t\t<\/div>\n\t\t<div class=\"elementor-element elementor-element-eef5e5b e-con-full e-flex e-con e-child\" data-id=\"eef5e5b\" data-element_type=\"container\" data-e-type=\"container\">\n\t\t\t\t<div class=\"elementor-element elementor-element-b92c9a1 elementor-widget elementor-widget-heading\" data-id=\"b92c9a1\" data-element_type=\"widget\" data-e-type=\"widget\" data-widget_type=\"heading.default\">\n\t\t\t\t\t<h2 class=\"elementor-heading-title elementor-size-default\">BREZPLA\u010cNA PONUDBA<\/h2>\t\t\t\t<\/div>\n\t\t\t\t<div class=\"elementor-element elementor-element-031840a elementor-widget elementor-widget-heading\" data-id=\"031840a\" data-element_type=\"widget\" data-e-type=\"widget\" data-widget_type=\"heading.default\">\n\t\t\t\t\t<h3 class=\"elementor-heading-title elementor-size-default\">Pridobite ponudbo za son\u010dno elektrarno<\/h3>\t\t\t\t<\/div>\n\t\t\t\t<div class=\"elementor-element elementor-element-480d5da elementor-widget elementor-widget-text-editor\" data-id=\"480d5da\" data-element_type=\"widget\" data-e-type=\"widget\" data-widget_type=\"text-editor.default\">\n\t\t\t\t\t\t\t\t\t<p>Izpolnite obrazec in v 24 urah vam pripravimo personalizirano ponudbo.<\/p>\t\t\t\t\t\t\t\t<\/div>\n\t\t\t\t<div class=\"elementor-element elementor-element-cd3ae6b elementor-align-center elementor-icon-list--layout-traditional elementor-list-item-link-full_width elementor-widget elementor-widget-icon-list\" data-id=\"cd3ae6b\" data-element_type=\"widget\" data-e-type=\"widget\" data-widget_type=\"icon-list.default\">\n\t\t\t\t\t\t\t<ul class=\"elementor-icon-list-items\">\n\t\t\t\t\t\t\t<li class=\"elementor-icon-list-item\">\n\t\t\t\t\t\t\t\t\t\t\t<span class=\"elementor-icon-list-icon\">\n\t\t\t\t\t\t\t<svg aria-hidden=\"true\" class=\"e-font-icon-svg e-fas-check\" viewBox=\"0 0 512 512\" xmlns=\"http:\/\/www.w3.org\/2000\/svg\"><path d=\"M173.898 439.404l-166.4-166.4c-9.997-9.997-9.997-26.206 0-36.204l36.203-36.204c9.997-9.998 26.207-9.998 36.204 0L192 312.69 432.095 72.596c9.997-9.997 26.207-9.997 36.204 0l36.203 36.204c9.997 9.997 9.997 26.206 0 36.204l-294.4 294.401c-9.998 9.997-26.207 9.997-36.204-.001z\"><\/path><\/svg>\t\t\t\t\t\t<\/span>\n\t\t\t\t\t\t\t\t\t\t<span class=\"elementor-icon-list-text\">Brezpla\u010den izra\u010dun<\/span>\n\t\t\t\t\t\t\t\t\t<\/li>\n\t\t\t\t\t\t\t\t<li class=\"elementor-icon-list-item\">\n\t\t\t\t\t\t\t\t\t\t\t<span class=\"elementor-icon-list-icon\">\n\t\t\t\t\t\t\t<svg aria-hidden=\"true\" class=\"e-font-icon-svg e-fas-check\" viewBox=\"0 0 512 512\" xmlns=\"http:\/\/www.w3.org\/2000\/svg\"><path d=\"M173.898 439.404l-166.4-166.4c-9.997-9.997-9.997-26.206 0-36.204l36.203-36.204c9.997-9.998 26.207-9.998 36.204 0L192 312.69 432.095 72.596c9.997-9.997 26.207-9.997 36.204 0l36.203 36.204c9.997 9.997 9.997 26.206 0 36.204l-294.4 294.401c-9.998 9.997-26.207 9.997-36.204-.001z\"><\/path><\/svg>\t\t\t\t\t\t<\/span>\n\t\t\t\t\t\t\t\t\t\t<span class=\"elementor-icon-list-text\">Prilagojena re\u0161itev<\/span>\n\t\t\t\t\t\t\t\t\t<\/li>\n\t\t\t\t\t\t\t\t<li class=\"elementor-icon-list-item\">\n\t\t\t\t\t\t\t\t\t\t\t<span class=\"elementor-icon-list-icon\">\n\t\t\t\t\t\t\t<svg aria-hidden=\"true\" class=\"e-font-icon-svg e-fas-check\" viewBox=\"0 0 512 512\" xmlns=\"http:\/\/www.w3.org\/2000\/svg\"><path d=\"M173.898 439.404l-166.4-166.4c-9.997-9.997-9.997-26.206 0-36.204l36.203-36.204c9.997-9.998 26.207-9.998 36.204 0L192 312.69 432.095 72.596c9.997-9.997 26.207-9.997 36.204 0l36.203 36.204c9.997 9.997 9.997 26.206 0 36.204l-294.4 294.401c-9.998 9.997-26.207 9.997-36.204-.001z\"><\/path><\/svg>\t\t\t\t\t\t<\/span>\n\t\t\t\t\t\t\t\t\t\t<span class=\"elementor-icon-list-text\">Hitra izvedba<\/span>\n\t\t\t\t\t\t\t\t\t<\/li>\n\t\t\t\t\t\t\t\t<li class=\"elementor-icon-list-item\">\n\t\t\t\t\t\t\t\t\t\t\t<span class=\"elementor-icon-list-icon\">\n\t\t\t\t\t\t\t<svg aria-hidden=\"true\" class=\"e-font-icon-svg e-fas-check\" viewBox=\"0 0 512 512\" xmlns=\"http:\/\/www.w3.org\/2000\/svg\"><path d=\"M173.898 439.404l-166.4-166.4c-9.997-9.997-9.997-26.206 0-36.204l36.203-36.204c9.997-9.998 26.207-9.998 36.204 0L192 312.69 432.095 72.596c9.997-9.997 26.207-9.997 36.204 0l36.203 36.204c9.997 9.997 9.997 26.206 0 36.204l-294.4 294.401c-9.998 9.997-26.207 9.997-36.204-.001z\"><\/path><\/svg>\t\t\t\t\t\t<\/span>\n\t\t\t\t\t\t\t\t\t\t<span class=\"elementor-icon-list-text\">Dolgoro\u010dni prihranki<\/span>\n\t\t\t\t\t\t\t\t\t<\/li>\n\t\t\t\t\t\t<\/ul>\n\t\t\t\t\t\t<\/div>\n\t\t\t\t<div class=\"elementor-element elementor-element-b951ebd elementor-widget elementor-widget-text-editor\" data-id=\"b951ebd\" data-element_type=\"widget\" data-e-type=\"widget\" data-widget_type=\"text-editor.default\">\n\t\t\t\t\t\t\t\t\t<p>Va\u0161e podatke varujemo in jih ne delimo s tretjimi osebami.<\/p>\t\t\t\t\t\t\t\t<\/div>\n\t\t\t\t<\/div>\n\t\t\t\t\t<\/div>\n\t\t\t\t<\/div>\n\t\t\t\t<\/div>\n\t\t","protected":false},"excerpt":{"rendered":"<p>Please enable JavaScript in your browser to complete this form.Please enable JavaScript in your browser to complete this form.Ime in priimek *E-po\u0161ta *Vrsta objekta *IzberiHi\u0161aStanovanjska stavbaPoslovni objektIndustrijski objektDrugoVelikost objekta \/ strehe v m\u00b2 Selected Value: 0 Va\u0161e vpra\u0161anjeNapi\u0161ite ve\u010d podrobnosti o va\u0161em objektu, porabi elektrike, \u017eeljah in vpra\u0161anju glede cene ali namestitve. GDPR soglasje * [&hellip;]<\/p>\n","protected":false},"author":2,"featured_media":0,"parent":0,"menu_order":0,"comment_status":"closed","ping_status":"closed","template":"","meta":{"footnotes":""},"class_list":["post-655","page","type-page","status-publish","hentry"],"_links":{"self":[{"href":"https:\/\/solartech.life\/srb\/wp-json\/wp\/v2\/pages\/655","targetHints":{"allow":["GET"]}}],"collection":[{"href":"https:\/\/solartech.life\/srb\/wp-json\/wp\/v2\/pages"}],"about":[{"href":"https:\/\/solartech.life\/srb\/wp-json\/wp\/v2\/types\/page"}],"author":[{"embeddable":true,"href":"https:\/\/solartech.life\/srb\/wp-json\/wp\/v2\/users\/2"}],"replies":[{"embeddable":true,"href":"https:\/\/solartech.life\/srb\/wp-json\/wp\/v2\/comments?post=655"}],"version-history":[{"count":44,"href":"https:\/\/solartech.life\/srb\/wp-json\/wp\/v2\/pages\/655\/revisions"}],"predecessor-version":[{"id":1629,"href":"https:\/\/solartech.life\/srb\/wp-json\/wp\/v2\/pages\/655\/revisions\/1629"}],"wp:attachment":[{"href":"https:\/\/solartech.life\/srb\/wp-json\/wp\/v2\/media?parent=655"}],"curies":[{"name":"wp","href":"https:\/\/api.w.org\/{rel}","templated":true}]}}