{"id":38,"date":"2026-03-29T14:55:15","date_gmt":"2026-03-29T14:55:15","guid":{"rendered":"https:\/\/solartech.life\/?page_id=38"},"modified":"2026-05-04T14:23:03","modified_gmt":"2026-05-04T14:23:03","slug":"kako-delamo","status":"publish","type":"page","link":"https:\/\/solartech.life\/srb\/kako-delamo\/","title":{"rendered":"\u041a\u0430\u043a\u043e \u0440\u0430\u0434\u0438\u043c\u043e"},"content":{"rendered":"<div data-elementor-type=\"wp-page\" data-elementor-id=\"38\" class=\"elementor elementor-38\">\n\t\t\t\t<div class=\"elementor-element elementor-element-a6179e6 e-con-full e-flex e-con e-parent\" data-id=\"a6179e6\" data-element_type=\"container\" data-e-type=\"container\" data-settings=\"{&quot;background_background&quot;:&quot;classic&quot;}\">\n\t\t\t\t<div class=\"elementor-element elementor-element-e76b705 elementor-widget-mobile__width-initial elementor-widget elementor-widget-heading\" data-id=\"e76b705\" data-element_type=\"widget\" data-e-type=\"widget\" data-widget_type=\"heading.default\">\n\t\t\t\t\t<h2 class=\"elementor-heading-title elementor-size-default\">\u041a\u0430\u043a\u043e \u0440\u0430\u0434\u0438\u043c\u043e?<\/h2>\t\t\t\t<\/div>\n\t\t\t\t<div class=\"elementor-element elementor-element-fb45e4b elementor-widget elementor-widget-text-editor\" data-id=\"fb45e4b\" data-element_type=\"widget\" data-e-type=\"widget\" data-widget_type=\"text-editor.default\">\n\t\t\t\t\t\t\t\t\t<p>\u0408\u0435\u0434\u043d\u043e\u0441\u0442\u0430\u0432\u0430\u043d \u0438 \u0442\u0440\u0430\u043d\u0441\u043f\u0430\u0440\u0435\u043d\u0442\u0430\u043d \u043f\u0440\u043e\u0446\u0435\u0441 \u043e\u0434 \u043f\u0440\u0432\u043e\u0433 \u043a\u043e\u043d\u0442\u0430\u043a\u0442\u0430 \u0434\u043e \u043a\u043e\u043d\u0430\u0447\u043d\u0435 \u0438\u043d\u0441\u0442\u0430\u043b\u0430\u0446\u0438\u0458\u0435.<\/p>\t\t\t\t\t\t\t\t<\/div>\n\t\t\t\t<\/div>\n\t\t<div class=\"elementor-element elementor-element-76c7c56 e-flex e-con-boxed e-con e-parent\" data-id=\"76c7c56\" data-element_type=\"container\" data-e-type=\"container\">\n\t\t\t\t\t<div class=\"e-con-inner\">\n\t\t\t\t<div class=\"elementor-element elementor-element-59a5aa3 elementor-widget elementor-widget-heading\" data-id=\"59a5aa3\" data-element_type=\"widget\" data-e-type=\"widget\" data-widget_type=\"heading.default\">\n\t\t\t\t\t<h4 class=\"elementor-heading-title elementor-size-default\">\u041a\u0430\u043a\u043e \u0444\u0443\u043d\u043a\u0446\u0438\u043e\u043d\u0438\u0448\u0435 \u0440\u0430\u0434 \u0441\u0430 \u043d\u0430\u043c\u0430?\n<\/h4>\t\t\t\t<\/div>\n\t\t\t\t<div class=\"elementor-element elementor-element-61a569b elementor-widget elementor-widget-text-editor\" data-id=\"61a569b\" data-element_type=\"widget\" data-e-type=\"widget\" data-widget_type=\"text-editor.default\">\n\t\t\t\t\t\t\t\t\t<h4>\u0423 SolarTech-\u0443 \u043e\u0431\u0435\u0437\u0431\u0435\u0452\u0443\u0458\u0435\u043c\u043e \u0458\u0435\u0434\u043d\u043e\u0441\u0442\u0430\u0432\u0430\u043d \u0438 \u0442\u0440\u0430\u043d\u0441\u043f\u0430\u0440\u0435\u043d\u0442\u0430\u043d \u043f\u0440\u043e\u0446\u0435\u0441 \u2013<span style=\"color: inherit; font-family: inherit; font-size: 1.5rem;\">\u00a0\u043e\u0434 \u043f\u0440\u0432\u043e\u0433 \u043a\u043e\u043d\u0442\u0430\u043a\u0442\u0430 \u0434\u043e \u043a\u043e\u043d\u0430\u0447\u043d\u0435 \u0438\u043d\u0441\u0442\u0430\u043b\u0430\u0446\u0438\u0458\u0435 \u0441\u043e\u043b\u0430\u0440\u043d\u0435 \u0435\u043b\u0435\u043a\u0442\u0440\u0430\u043d\u0435.\u00a0<\/span><\/h4>\t\t\t\t\t\t\t\t<\/div>\n\t\t\t\t\t<\/div>\n\t\t\t\t<\/div>\n\t\t<div class=\"elementor-element elementor-element-63f40ce e-con-full e-flex e-con e-parent\" data-id=\"63f40ce\" data-element_type=\"container\" data-e-type=\"container\">\n\t\t<div class=\"elementor-element elementor-element-16bd037 e-con-full e-flex e-con e-child\" data-id=\"16bd037\" data-element_type=\"container\" data-e-type=\"container\" data-settings=\"{&quot;background_background&quot;:&quot;classic&quot;}\">\n\t\t\t\t<\/div>\n\t\t<div class=\"elementor-element elementor-element-bb87613 e-con-full e-flex elementor-invisible e-con e-child\" data-id=\"bb87613\" data-element_type=\"container\" data-e-type=\"container\" data-settings=\"{&quot;animation&quot;:&quot;fadeInRight&quot;}\">\n\t\t\t\t<div class=\"elementor-element elementor-element-0309eb3 elementor-widget elementor-widget-heading\" data-id=\"0309eb3\" data-element_type=\"widget\" data-e-type=\"widget\" data-widget_type=\"heading.default\">\n\t\t\t\t\t<h4 class=\"elementor-heading-title elementor-size-default\">1. \u041f\u043e\u0442\u0440\u0430\u0436\u045a\u0430 <\/h4>\t\t\t\t<\/div>\n\t\t\t\t<div class=\"elementor-element elementor-element-0795488 elementor-widget elementor-widget-text-editor\" data-id=\"0795488\" data-element_type=\"widget\" data-e-type=\"widget\" data-widget_type=\"text-editor.default\">\n\t\t\t\t\t\t\t\t\t<h5>\u041f\u0440\u0435\u0433\u043b\u0435\u0434\u0430\u043c\u043e \u043f\u043e\u0442\u0440\u043e\u0448\u045a\u0443 \u0435\u043d\u0435\u0440\u0433\u0438\u0458\u0435 \u0438 \u043e\u043f\u0446\u0438\u0458\u0435 \u0438\u043d\u0441\u0442\u0430\u043b\u0430\u0446\u0438\u0458\u0435.<\/h5>\t\t\t\t\t\t\t\t<\/div>\n\t\t\t\t<div class=\"elementor-element elementor-element-fb0b2de elementor-widget elementor-widget-heading\" data-id=\"fb0b2de\" data-element_type=\"widget\" data-e-type=\"widget\" data-widget_type=\"heading.default\">\n\t\t\t\t\t<h4 class=\"elementor-heading-title elementor-size-default\">2. \u0410\u043d\u0430\u043b\u0438\u0437\u0430 <\/h4>\t\t\t\t<\/div>\n\t\t\t\t<div class=\"elementor-element elementor-element-d81f824 elementor-widget elementor-widget-text-editor\" data-id=\"d81f824\" data-element_type=\"widget\" data-e-type=\"widget\" data-widget_type=\"text-editor.default\">\n\t\t\t\t\t\t\t\t\t<h5>\u041c\u043e\u043b\u0438\u043c\u043e \u0432\u0430\u0441 \u0434\u0430 \u043d\u0430\u043c \u043f\u043e\u0448\u0430\u0459\u0435\u0442\u0435 \u043d\u0435\u043a\u0435 \u043e\u0441\u043d\u043e\u0432\u043d\u0435 \u0438\u043d\u0444\u043e\u0440\u043c\u0430\u0446\u0438\u0458\u0435 \u043e \u0432\u0430\u0448\u043e\u0458 \u043d\u0435\u043a\u0440\u0435\u0442\u043d\u0438\u043d\u0438.<\/h5>\t\t\t\t\t\t\t\t<\/div>\n\t\t\t\t<div class=\"elementor-element elementor-element-cf255ff elementor-widget elementor-widget-heading\" data-id=\"cf255ff\" data-element_type=\"widget\" data-e-type=\"widget\" data-widget_type=\"heading.default\">\n\t\t\t\t\t<h4 class=\"elementor-heading-title elementor-size-default\">3. \u041f\u043e\u043d\u0443\u0434\u0430 <\/h4>\t\t\t\t<\/div>\n\t\t\t\t<div class=\"elementor-element elementor-element-0d37ad1 elementor-widget elementor-widget-text-editor\" data-id=\"0d37ad1\" data-element_type=\"widget\" data-e-type=\"widget\" data-widget_type=\"text-editor.default\">\n\t\t\t\t\t\t\t\t\t<h5>\u041c\u0438 \u045b\u0435\u043c\u043e \u043e\u0441\u043c\u0438\u0441\u043b\u0438\u0442\u0438 \u043d\u0430\u0458\u0431\u043e\u0459\u0435 \u0440\u0435\u0448\u0435\u045a\u0435 \u0437\u0430 \u0432\u0430\u0448\u0443 \u043d\u0435\u043a\u0440\u0435\u0442\u043d\u0438\u043d\u0443.<\/h5>\t\t\t\t\t\t\t\t<\/div>\n\t\t\t\t<div class=\"elementor-element elementor-element-72969c6 elementor-widget elementor-widget-heading\" data-id=\"72969c6\" data-element_type=\"widget\" data-e-type=\"widget\" data-widget_type=\"heading.default\">\n\t\t\t\t\t<h4 class=\"elementor-heading-title elementor-size-default\">4. \u0418\u043d\u0441\u0442\u0430\u043b\u0430\u0446\u0438\u0458\u0430 <\/h4>\t\t\t\t<\/div>\n\t\t\t\t<div class=\"elementor-element elementor-element-2393907 elementor-widget elementor-widget-text-editor\" data-id=\"2393907\" data-element_type=\"widget\" data-e-type=\"widget\" data-widget_type=\"text-editor.default\">\n\t\t\t\t\t\t\t\t\t<h5>\u0418\u0437\u0432\u0440\u0448\u0430\u0432\u0430\u043c\u043e \u043f\u0440\u043e\u0444\u0435\u0441\u0438\u043e\u043d\u0430\u043b\u043d\u0443 \u0438\u043d\u0441\u0442\u0430\u043b\u0430\u0446\u0438\u0458\u0443 \u0441\u0438\u0441\u0442\u0435\u043c\u0430.<\/h5>\t\t\t\t\t\t\t\t<\/div>\n\t\t\t\t<div class=\"elementor-element elementor-element-7437227 elementor-widget elementor-widget-heading\" data-id=\"7437227\" data-element_type=\"widget\" data-e-type=\"widget\" data-widget_type=\"heading.default\">\n\t\t\t\t\t<h4 class=\"elementor-heading-title elementor-size-default\">5. \u041f\u043e\u0434\u0440\u0448\u043a\u0430 <\/h4>\t\t\t\t<\/div>\n\t\t\t\t<div class=\"elementor-element elementor-element-3dc417f elementor-widget elementor-widget-text-editor\" data-id=\"3dc417f\" data-element_type=\"widget\" data-e-type=\"widget\" data-widget_type=\"text-editor.default\">\n\t\t\t\t\t\t\t\t\t<h5>\u041f\u0440\u0443\u0436\u0430\u043c\u043e \u0434\u0443\u0433\u043e\u0440\u043e\u0447\u043d\u0443 \u043f\u043e\u0434\u0440\u0448\u043a\u0443 \u0438 \u043f\u043e\u043c\u043e\u045b.<\/h5>\t\t\t\t\t\t\t\t<\/div>\n\t\t\t\t<\/div>\n\t\t\t\t<\/div>\n\t\t<div class=\"elementor-element elementor-element-21075bc e-grid e-con-boxed e-con e-parent\" data-id=\"21075bc\" data-element_type=\"container\" data-e-type=\"container\">\n\t\t\t\t\t<div class=\"e-con-inner\">\n\t\t\t\t<div class=\"elementor-element elementor-element-19acdd7 elementor-view-default elementor-position-block-start elementor-mobile-position-block-start elementor-widget elementor-widget-icon-box\" data-id=\"19acdd7\" data-element_type=\"widget\" data-e-type=\"widget\" data-widget_type=\"icon-box.default\">\n\t\t\t\t\t\t\t<div class=\"elementor-icon-box-wrapper\">\n\n\t\t\t\t\t\t<div class=\"elementor-icon-box-icon\">\n\t\t\t\t<span  class=\"elementor-icon\">\n\t\t\t\t<svg aria-hidden=\"true\" class=\"e-font-icon-svg e-fas-check-circle\" viewbox=\"0 0 512 512\" xmlns=\"http:\/\/www.w3.org\/2000\/svg\"><path d=\"M504 256c0 136.967-111.033 248-248 248S8 392.967 8 256 119.033 8 256 8s248 111.033 248 248zM227.314 387.314l184-184c6.248-6.248 6.248-16.379 0-22.627l-22.627-22.627c-6.248-6.249-16.379-6.249-22.628 0L216 308.118l-70.059-70.059c-6.248-6.248-16.379-6.248-22.628 0l-22.627 22.627c-6.248 6.248-6.248 16.379 0 22.627l104 104c6.249 6.249 16.379 6.249 22.628.001z\"><\/path><\/svg>\t\t\t\t<\/span>\n\t\t\t<\/div>\n\t\t\t\n\t\t\t\t\t\t<div class=\"elementor-icon-box-content\">\n\n\t\t\t\t\t\t\t\t\t<h3 class=\"elementor-icon-box-title\">\n\t\t\t\t\t\t<span  >\n\t\t\t\t\t\t\t\u0411\u0440\u0437\u0430 \u0438\u043c\u043f\u043b\u0435\u043c\u0435\u043d\u0442\u0430\u0446\u0438\u0458\u0430\t\t\t\t\t\t<\/span>\n\t\t\t\t\t<\/h3>\n\t\t\t\t\n\t\t\t\t\t\t\t\t\t<p class=\"elementor-icon-box-description\">\n\t\t\t\t\t\t\u0418\u043d\u0441\u0442\u0430\u043b\u0438\u0440\u0430\u043c\u043e \u0441\u0438\u0441\u0442\u0435\u043c \u0431\u0440\u0437\u043e \u0438 \u0435\u0444\u0438\u043a\u0430\u0441\u043d\u043e.\t\t\t\t\t<\/p>\n\t\t\t\t\n\t\t\t<\/div>\n\t\t\t\n\t\t<\/div>\n\t\t\t\t\t\t<\/div>\n\t\t\t\t<div class=\"elementor-element elementor-element-5c839a8 elementor-view-default elementor-position-block-start elementor-mobile-position-block-start elementor-widget elementor-widget-icon-box\" data-id=\"5c839a8\" data-element_type=\"widget\" data-e-type=\"widget\" data-widget_type=\"icon-box.default\">\n\t\t\t\t\t\t\t<div class=\"elementor-icon-box-wrapper\">\n\n\t\t\t\t\t\t<div class=\"elementor-icon-box-icon\">\n\t\t\t\t<span  class=\"elementor-icon\">\n\t\t\t\t<svg aria-hidden=\"true\" class=\"e-font-icon-svg e-fas-check-circle\" viewbox=\"0 0 512 512\" xmlns=\"http:\/\/www.w3.org\/2000\/svg\"><path d=\"M504 256c0 136.967-111.033 248-248 248S8 392.967 8 256 119.033 8 256 8s248 111.033 248 248zM227.314 387.314l184-184c6.248-6.248 6.248-16.379 0-22.627l-22.627-22.627c-6.248-6.249-16.379-6.249-22.628 0L216 308.118l-70.059-70.059c-6.248-6.248-16.379-6.248-22.628 0l-22.627 22.627c-6.248 6.248-6.248 16.379 0 22.627l104 104c6.249 6.249 16.379 6.249 22.628.001z\"><\/path><\/svg>\t\t\t\t<\/span>\n\t\t\t<\/div>\n\t\t\t\n\t\t\t\t\t\t<div class=\"elementor-icon-box-content\">\n\n\t\t\t\t\t\t\t\t\t<h3 class=\"elementor-icon-box-title\">\n\t\t\t\t\t\t<span  >\n\t\t\t\t\t\t\t\u0412\u0438\u0441\u043e\u043a\u043e\u043a\u0432\u0430\u043b\u0438\u0442\u0435\u0442\u043d\u0430 \u0438\u043d\u0441\u0442\u0430\u043b\u0430\u0446\u0438\u0458\u0430\t\t\t\t\t\t<\/span>\n\t\t\t\t\t<\/h3>\n\t\t\t\t\n\t\t\t\t\t\t\t\t\t<p class=\"elementor-icon-box-description\">\n\t\t\t\t\t\t\u041f\u0440\u043e\u0444\u0435\u0441\u0438\u043e\u043d\u0430\u043b\u043d\u043e \u043c\u0430\u0458\u0441\u0442\u043e\u0440\u0441\u0442\u0432\u043e \u0443\u0437 \u0443\u043f\u043e\u0442\u0440\u0435\u0431\u0443 \u043c\u0430\u0442\u0435\u0440\u0438\u0458\u0430\u043b\u0430 \u043d\u0430\u0458\u0432\u0438\u0448\u0435\u0433 \u043a\u0432\u0430\u043b\u0438\u0442\u0435\u0442\u0430.\t\t\t\t\t<\/p>\n\t\t\t\t\n\t\t\t<\/div>\n\t\t\t\n\t\t<\/div>\n\t\t\t\t\t\t<\/div>\n\t\t\t\t<div class=\"elementor-element elementor-element-4388c82 elementor-view-default elementor-position-block-start elementor-mobile-position-block-start elementor-widget elementor-widget-icon-box\" data-id=\"4388c82\" data-element_type=\"widget\" data-e-type=\"widget\" data-widget_type=\"icon-box.default\">\n\t\t\t\t\t\t\t<div class=\"elementor-icon-box-wrapper\">\n\n\t\t\t\t\t\t<div class=\"elementor-icon-box-icon\">\n\t\t\t\t<span  class=\"elementor-icon\">\n\t\t\t\t<svg aria-hidden=\"true\" class=\"e-font-icon-svg e-fas-check-circle\" viewbox=\"0 0 512 512\" xmlns=\"http:\/\/www.w3.org\/2000\/svg\"><path d=\"M504 256c0 136.967-111.033 248-248 248S8 392.967 8 256 119.033 8 256 8s248 111.033 248 248zM227.314 387.314l184-184c6.248-6.248 6.248-16.379 0-22.627l-22.627-22.627c-6.248-6.249-16.379-6.249-22.628 0L216 308.118l-70.059-70.059c-6.248-6.248-16.379-6.248-22.628 0l-22.627 22.627c-6.248 6.248-6.248 16.379 0 22.627l104 104c6.249 6.249 16.379 6.249 22.628.001z\"><\/path><\/svg>\t\t\t\t<\/span>\n\t\t\t<\/div>\n\t\t\t\n\t\t\t\t\t\t<div class=\"elementor-icon-box-content\">\n\n\t\t\t\t\t\t\t\t\t<h3 class=\"elementor-icon-box-title\">\n\t\t\t\t\t\t<span  >\n\t\t\t\t\t\t\t\u0414\u0443\u0433\u043e\u0440\u043e\u0447\u043d\u0430 \u0443\u0448\u0442\u0435\u0434\u0430\t\t\t\t\t\t<\/span>\n\t\t\t\t\t<\/h3>\n\t\t\t\t\n\t\t\t\t\t\t\t\t\t<p class=\"elementor-icon-box-description\">\n\t\t\t\t\t\t\u0421\u043c\u0430\u045a\u0438\u0442\u0435 \u0442\u0440\u043e\u0448\u043a\u043e\u0432\u0435 \u0435\u043d\u0435\u0440\u0433\u0438\u0458\u0435 \u0443 \u043d\u0430\u0440\u0435\u0434\u043d\u0438\u043c \u0433\u043e\u0434\u0438\u043d\u0430\u043c\u0430.\t\t\t\t\t<\/p>\n\t\t\t\t\n\t\t\t<\/div>\n\t\t\t\n\t\t<\/div>\n\t\t\t\t\t\t<\/div>\n\t\t\t\t<div class=\"elementor-element elementor-element-4ceb6c4 elementor-view-default elementor-position-block-start elementor-mobile-position-block-start elementor-widget elementor-widget-icon-box\" data-id=\"4ceb6c4\" data-element_type=\"widget\" data-e-type=\"widget\" data-widget_type=\"icon-box.default\">\n\t\t\t\t\t\t\t<div class=\"elementor-icon-box-wrapper\">\n\n\t\t\t\t\t\t<div class=\"elementor-icon-box-icon\">\n\t\t\t\t<span  class=\"elementor-icon\">\n\t\t\t\t<svg aria-hidden=\"true\" class=\"e-font-icon-svg e-fas-check-circle\" viewbox=\"0 0 512 512\" xmlns=\"http:\/\/www.w3.org\/2000\/svg\"><path d=\"M504 256c0 136.967-111.033 248-248 248S8 392.967 8 256 119.033 8 256 8s248 111.033 248 248zM227.314 387.314l184-184c6.248-6.248 6.248-16.379 0-22.627l-22.627-22.627c-6.248-6.249-16.379-6.249-22.628 0L216 308.118l-70.059-70.059c-6.248-6.248-16.379-6.248-22.628 0l-22.627 22.627c-6.248 6.248-6.248 16.379 0 22.627l104 104c6.249 6.249 16.379 6.249 22.628.001z\"><\/path><\/svg>\t\t\t\t<\/span>\n\t\t\t<\/div>\n\t\t\t\n\t\t\t\t\t\t<div class=\"elementor-icon-box-content\">\n\n\t\t\t\t\t\t\t\t\t<h3 class=\"elementor-icon-box-title\">\n\t\t\t\t\t\t<span  >\n\t\t\t\t\t\t\t\u041f\u043e\u0443\u0437\u0434\u0430\u043d\u0430 \u043f\u043e\u0434\u0440\u0448\u043a\u0430\t\t\t\t\t\t<\/span>\n\t\t\t\t\t<\/h3>\n\t\t\t\t\n\t\t\t\t\t\t\t\t\t<p class=\"elementor-icon-box-description\">\n\t\t\t\t\t\t\u0422\u0430\u043a\u043e\u0452\u0435 \u0441\u043c\u043e \u0432\u0430\u043c \u043d\u0430 \u0440\u0430\u0441\u043f\u043e\u043b\u0430\u0433\u0430\u045a\u0443 \u0438 \u043d\u0430\u043a\u043e\u043d \u0438\u043d\u0441\u0442\u0430\u043b\u0430\u0446\u0438\u0458\u0435.\t\t\t\t\t<\/p>\n\t\t\t\t\n\t\t\t<\/div>\n\t\t\t\n\t\t<\/div>\n\t\t\t\t\t\t<\/div>\n\t\t\t\t\t<\/div>\n\t\t\t\t<\/div>\n\t\t<div class=\"elementor-element elementor-element-6434583 e-flex e-con-boxed e-con e-parent\" data-id=\"6434583\" data-element_type=\"container\" data-e-type=\"container\" data-settings=\"{&quot;background_background&quot;:&quot;classic&quot;}\">\n\t\t\t\t\t<div class=\"e-con-inner\">\n\t\t\t\t<div class=\"elementor-element elementor-element-478e1ea elementor-widget__width-inherit elementor-widget elementor-widget-heading\" data-id=\"478e1ea\" data-element_type=\"widget\" data-e-type=\"widget\" data-widget_type=\"heading.default\">\n\t\t\t\t\t<h4 class=\"elementor-heading-title elementor-size-default\">\u0417\u0430\u0448\u0442\u043e \u0458\u0435 \u043d\u0430\u0448 \u043f\u0440\u043e\u0446\u0435\u0441 \u0435\u0444\u0438\u043a\u0430\u0441\u0430\u043d?<\/h4>\t\t\t\t<\/div>\n\t\t\t\t<div class=\"elementor-element elementor-element-59d9aab elementor-widget elementor-widget-text-editor\" data-id=\"59d9aab\" data-element_type=\"widget\" data-e-type=\"widget\" data-widget_type=\"text-editor.default\">\n\t\t\t\t\t\t\t\t\t<h4>\u041d\u0430\u0448 \u043f\u0440\u0438\u0441\u0442\u0443\u043f \u0441\u0435 \u0437\u0430\u0441\u043d\u0438\u0432\u0430 \u043d\u0430 \u0442\u0440\u0430\u043d\u0441\u043f\u0430\u0440\u0435\u043d\u0442\u043d\u043e\u0441\u0442\u0438, \u043f\u0440\u043e\u0444\u0435\u0441\u0438\u043e\u043d\u0430\u043b\u043d\u043e\u0441\u0442\u0438 \u0438 \u043f\u0440\u0438\u043b\u0430\u0433\u043e\u0452\u0435\u043d\u0438\u043c \u0440\u0435\u0448\u0435\u045a\u0438\u043c\u0430. <br \/>\u041e\u0432\u043e \u043e\u0441\u0438\u0433\u0443\u0440\u0430\u0432\u0430 \u0434\u0430 \u0441\u0432\u0430\u043a\u0438 \u043a\u0443\u043f\u0430\u0446 \u0434\u043e\u0431\u0438\u0458\u0435 \u0441\u043e\u043b\u0430\u0440\u043d\u0438 \u0441\u0438\u0441\u0442\u0435\u043c \u043a\u043e\u0458\u0438 \u0458\u0435 \u0441\u0430\u0432\u0440\u0448\u0435\u043d\u043e \u043f\u0440\u0438\u043b\u0430\u0433\u043e\u0452\u0435\u043d \u045a\u0435\u0433\u043e\u0432\u0438\u043c \u043f\u043e\u0442\u0440\u0435\u0431\u0430\u043c\u0430.<\/h4>\t\t\t\t\t\t\t\t<\/div>\n\t\t\t\t\t<\/div>\n\t\t\t\t<\/div>\n\t\t<div class=\"elementor-element elementor-element-f7223ae e-grid e-con-boxed e-con e-parent\" data-id=\"f7223ae\" data-element_type=\"container\" data-e-type=\"container\">\n\t\t\t\t\t<div class=\"e-con-inner\">\n\t\t\t\t<div class=\"elementor-element elementor-element-98e261f elementor-view-default elementor-position-block-start elementor-mobile-position-block-start elementor-widget elementor-widget-icon-box\" data-id=\"98e261f\" data-element_type=\"widget\" data-e-type=\"widget\" data-widget_type=\"icon-box.default\">\n\t\t\t\t\t\t\t<div class=\"elementor-icon-box-wrapper\">\n\n\t\t\t\t\t\t<div class=\"elementor-icon-box-icon\">\n\t\t\t\t<span  class=\"elementor-icon\">\n\t\t\t\t<svg aria-hidden=\"true\" class=\"e-font-icon-svg e-fas-clipboard-check\" viewbox=\"0 0 384 512\" xmlns=\"http:\/\/www.w3.org\/2000\/svg\"><path d=\"M336 64h-80c0-35.3-28.7-64-64-64s-64 28.7-64 64H48C21.5 64 0 85.5 0 112v352c0 26.5 21.5 48 48 48h288c26.5 0 48-21.5 48-48V112c0-26.5-21.5-48-48-48zM192 40c13.3 0 24 10.7 24 24s-10.7 24-24 24-24-10.7-24-24 10.7-24 24-24zm121.2 231.8l-143 141.8c-4.7 4.7-12.3 4.6-17-.1l-82.6-83.3c-4.7-4.7-4.6-12.3.1-17L99.1 285c4.7-4.7 12.3-4.6 17 .1l46 46.4 106-105.2c4.7-4.7 12.3-4.6 17 .1l28.2 28.4c4.7 4.8 4.6 12.3-.1 17z\"><\/path><\/svg>\t\t\t\t<\/span>\n\t\t\t<\/div>\n\t\t\t\n\t\t\t\t\t\t<div class=\"elementor-icon-box-content\">\n\n\t\t\t\t\t\t\t\t\t<h3 class=\"elementor-icon-box-title\">\n\t\t\t\t\t\t<span  >\n\t\t\t\t\t\t\t\u0412\u0438\u0448\u0435 \u043e\u0434 100 \u0443\u0441\u043f\u0435\u0448\u043d\u0438\u0445 \u043f\u0440\u043e\u0458\u0435\u043a\u0430\u0442\u0430\t\t\t\t\t\t<\/span>\n\t\t\t\t\t<\/h3>\n\t\t\t\t\n\t\t\t\t\n\t\t\t<\/div>\n\t\t\t\n\t\t<\/div>\n\t\t\t\t\t\t<\/div>\n\t\t\t\t<div class=\"elementor-element elementor-element-4f56e95 elementor-view-default elementor-position-block-start elementor-mobile-position-block-start elementor-widget elementor-widget-icon-box\" data-id=\"4f56e95\" data-element_type=\"widget\" data-e-type=\"widget\" data-widget_type=\"icon-box.default\">\n\t\t\t\t\t\t\t<div class=\"elementor-icon-box-wrapper\">\n\n\t\t\t\t\t\t<div class=\"elementor-icon-box-icon\">\n\t\t\t\t<span  class=\"elementor-icon\">\n\t\t\t\t<svg aria-hidden=\"true\" class=\"e-font-icon-svg e-fas-user-check\" viewbox=\"0 0 640 512\" xmlns=\"http:\/\/www.w3.org\/2000\/svg\"><path d=\"M224 256c70.7 0 128-57.3 128-128S294.7 0 224 0 96 57.3 96 128s57.3 128 128 128zm89.6 32h-16.7c-22.2 10.2-46.9 16-72.9 16s-50.6-5.8-72.9-16h-16.7C60.2 288 0 348.2 0 422.4V464c0 26.5 21.5 48 48 48h352c26.5 0 48-21.5 48-48v-41.6c0-74.2-60.2-134.4-134.4-134.4zm323-128.4l-27.8-28.1c-4.6-4.7-12.1-4.7-16.8-.1l-104.8 104-45.5-45.8c-4.6-4.7-12.1-4.7-16.8-.1l-28.1 27.9c-4.7 4.6-4.7 12.1-.1 16.8l81.7 82.3c4.6 4.7 12.1 4.7 16.8.1l141.3-140.2c4.6-4.7 4.7-12.2.1-16.8z\"><\/path><\/svg>\t\t\t\t<\/span>\n\t\t\t<\/div>\n\t\t\t\n\t\t\t\t\t\t<div class=\"elementor-icon-box-content\">\n\n\t\t\t\t\t\t\t\t\t<h3 class=\"elementor-icon-box-title\">\n\t\t\t\t\t\t<span  >\n\t\t\t\t\t\t\t\u0417\u0430\u0434\u043e\u0432\u043e\u0459\u043d\u0438 \u043a\u0443\u043f\u0446\u0438\t\t\t\t\t\t<\/span>\n\t\t\t\t\t<\/h3>\n\t\t\t\t\n\t\t\t\t\n\t\t\t<\/div>\n\t\t\t\n\t\t<\/div>\n\t\t\t\t\t\t<\/div>\n\t\t\t\t<div class=\"elementor-element elementor-element-eb7dd89 elementor-view-default elementor-position-block-start elementor-mobile-position-block-start elementor-widget elementor-widget-icon-box\" data-id=\"eb7dd89\" data-element_type=\"widget\" data-e-type=\"widget\" data-widget_type=\"icon-box.default\">\n\t\t\t\t\t\t\t<div class=\"elementor-icon-box-wrapper\">\n\n\t\t\t\t\t\t<div class=\"elementor-icon-box-icon\">\n\t\t\t\t<span  class=\"elementor-icon\">\n\t\t\t\t<svg aria-hidden=\"true\" class=\"e-font-icon-svg e-fas-check\" viewbox=\"0 0 512 512\" xmlns=\"http:\/\/www.w3.org\/2000\/svg\"><path d=\"M173.898 439.404l-166.4-166.4c-9.997-9.997-9.997-26.206 0-36.204l36.203-36.204c9.997-9.998 26.207-9.998 36.204 0L192 312.69 432.095 72.596c9.997-9.997 26.207-9.997 36.204 0l36.203 36.204c9.997 9.997 9.997 26.206 0 36.204l-294.4 294.401c-9.998 9.997-26.207 9.997-36.204-.001z\"><\/path><\/svg>\t\t\t\t<\/span>\n\t\t\t<\/div>\n\t\t\t\n\t\t\t\t\t\t<div class=\"elementor-icon-box-content\">\n\n\t\t\t\t\t\t\t\t\t<h3 class=\"elementor-icon-box-title\">\n\t\t\t\t\t\t<span  >\n\t\t\t\t\t\t\t\u041e\u043f\u0440\u0435\u043c\u0430 \u0432\u0438\u0441\u043e\u043a\u043e\u0433 \u043a\u0432\u0430\u043b\u0438\u0442\u0435\u0442\u0430\t\t\t\t\t\t<\/span>\n\t\t\t\t\t<\/h3>\n\t\t\t\t\n\t\t\t\t\n\t\t\t<\/div>\n\t\t\t\n\t\t<\/div>\n\t\t\t\t\t\t<\/div>\n\t\t\t\t\t<\/div>\n\t\t\t\t<\/div>\n\t\t<div class=\"elementor-element elementor-element-bac98c0 e-flex e-con-boxed e-con e-parent\" data-id=\"bac98c0\" data-element_type=\"container\" data-e-type=\"container\" data-settings=\"{&quot;background_background&quot;:&quot;classic&quot;}\">\n\t\t\t\t\t<div class=\"e-con-inner\">\n\t\t\t\t<div class=\"elementor-element elementor-element-2b3c4ae elementor-widget elementor-widget-heading\" data-id=\"2b3c4ae\" data-element_type=\"widget\" data-e-type=\"widget\" data-widget_type=\"heading.default\">\n\t\t\t\t\t<h3 class=\"elementor-heading-title elementor-size-default\">\u0421\u043f\u0440\u0435\u043c\u043d\u0438 \u0434\u0430 \u043f\u0440\u0435\u0452\u0435\u0442\u0435 \u043d\u0430 \u0441\u043e\u043b\u0430\u0440\u043d\u0443 \u0435\u043d\u0435\u0440\u0433\u0438\u0458\u0443?<\/h3>\t\t\t\t<\/div>\n\t\t\t\t<div class=\"elementor-element elementor-element-b70d75e elementor-widget elementor-widget-text-editor\" data-id=\"b70d75e\" data-element_type=\"widget\" data-e-type=\"widget\" data-widget_type=\"text-editor.default\">\n\t\t\t\t\t\t\t\t\t<h5>\u041e\u0431\u0440\u0430\u0442\u0438\u0442\u0435 \u043d\u0430\u043c \u0441\u0435 \u0437\u0430 \u0431\u0435\u0441\u043f\u043b\u0430\u0442\u043d\u0443 \u043f\u043e\u043d\u0443\u0434\u0443.<\/h5>\t\t\t\t\t\t\t\t<\/div>\n\t\t\t\t<div class=\"elementor-element elementor-element-7bd725b elementor-align-center elementor-invisible elementor-widget elementor-widget-button\" data-id=\"7bd725b\" data-element_type=\"widget\" data-e-type=\"widget\" data-settings=\"{&quot;_animation&quot;:&quot;fadeInUp&quot;,&quot;_animation_delay&quot;:400}\" data-widget_type=\"button.default\">\n\t\t\t\t\t\t\t\t\t\t<a class=\"elementor-button elementor-button-link elementor-size-sm\" href=\"https:\/\/solartech.life\/srb\/povprasevanje\/\">\n\t\t\t\t\t\t<span class=\"elementor-button-content-wrapper\">\n\t\t\t\t\t\t\t\t\t<span class=\"elementor-button-text\">\u0414\u043e\u0431\u0438\u0458\u0442\u0435 \u043f\u043e\u043d\u0443\u0434\u0443<\/span>\n\t\t\t\t\t<\/span>\n\t\t\t\t\t<\/a>\n\t\t\t\t\t\t\t\t<\/div>\n\t\t\t\t\t<\/div>\n\t\t\t\t<\/div>\n\t\t\t\t<\/div>","protected":false},"excerpt":{"rendered":"<p>Kako delamo? Enostaven in pregleden proces od prvega stika do kon\u010dne namestitve. Kako poteka sodelovanje z nami? Pri SolarTech poskrbimo za enostaven in pregleden proces \u2013\u00a0od prvega stika do kon\u010dne namestitve son\u010dne elektrarne.\u00a0 1. Povpra\u0161evanje Pregledamo porabo energije in mo\u017enosti postavitve. 2. Analiza Po\u0161ljete nam osnovne informacije o va\u0161em objektu. 3. Ponudba Pripravimo optimalno re\u0161itev [&hellip;]<\/p>\n","protected":false},"author":2,"featured_media":0,"parent":0,"menu_order":0,"comment_status":"closed","ping_status":"closed","template":"elementor_header_footer","meta":{"footnotes":""},"class_list":["post-38","page","type-page","status-publish","hentry"],"_links":{"self":[{"href":"https:\/\/solartech.life\/srb\/wp-json\/wp\/v2\/pages\/38","targetHints":{"allow":["GET"]}}],"collection":[{"href":"https:\/\/solartech.life\/srb\/wp-json\/wp\/v2\/pages"}],"about":[{"href":"https:\/\/solartech.life\/srb\/wp-json\/wp\/v2\/types\/page"}],"author":[{"embeddable":true,"href":"https:\/\/solartech.life\/srb\/wp-json\/wp\/v2\/users\/2"}],"replies":[{"embeddable":true,"href":"https:\/\/solartech.life\/srb\/wp-json\/wp\/v2\/comments?post=38"}],"version-history":[{"count":132,"href":"https:\/\/solartech.life\/srb\/wp-json\/wp\/v2\/pages\/38\/revisions"}],"predecessor-version":[{"id":1746,"href":"https:\/\/solartech.life\/srb\/wp-json\/wp\/v2\/pages\/38\/revisions\/1746"}],"wp:attachment":[{"href":"https:\/\/solartech.life\/srb\/wp-json\/wp\/v2\/media?parent=38"}],"curies":[{"name":"wp","href":"https:\/\/api.w.org\/{rel}","templated":true}]}}