{"id":34,"date":"2026-03-29T14:54:54","date_gmt":"2026-03-29T14:54:54","guid":{"rendered":"https:\/\/solartech.life\/?page_id=34"},"modified":"2026-05-04T14:01:15","modified_gmt":"2026-05-04T14:01:15","slug":"storitve","status":"publish","type":"page","link":"https:\/\/solartech.life\/srb\/storitve\/","title":{"rendered":"\u0423\u0441\u043b\u0443\u0433\u0435"},"content":{"rendered":"<div data-elementor-type=\"wp-page\" data-elementor-id=\"34\" class=\"elementor elementor-34\">\n\t\t\t\t<div class=\"elementor-element elementor-element-4849782 e-con-full e-flex e-con e-parent\" data-id=\"4849782\" data-element_type=\"container\" data-e-type=\"container\" data-settings=\"{&quot;background_background&quot;:&quot;classic&quot;}\">\n\t\t\t\t<div class=\"elementor-element elementor-element-dfdc682 elementor-widget-mobile__width-initial elementor-widget elementor-widget-heading\" data-id=\"dfdc682\" data-element_type=\"widget\" data-e-type=\"widget\" data-widget_type=\"heading.default\">\n\t\t\t\t\t<h2 class=\"elementor-heading-title elementor-size-default\">\u0421\u0432\u0435\u043e\u0431\u0443\u0445\u0432\u0430\u0442\u043d\u0430 \u0441\u043e\u043b\u0430\u0440\u043d\u0430 \u0440\u0435\u0448\u0435\u045a\u0430<\/h2>\t\t\t\t<\/div>\n\t\t\t\t<div class=\"elementor-element elementor-element-7105f26 elementor-widget elementor-widget-text-editor\" data-id=\"7105f26\" data-element_type=\"widget\" data-e-type=\"widget\" data-widget_type=\"text-editor.default\">\n\t\t\t\t\t\t\t\t\t<p>\u041e\u0434 \u0441\u0430\u0432\u0435\u0442\u0430 \u0434\u043e \u0438\u043d\u0441\u0442\u0430\u043b\u0430\u0446\u0438\u0458\u0435 \u2013 \u0441\u0432\u0435 \u043f\u043e\u0434 \u0458\u0435\u0434\u043d\u0438\u043c \u043a\u0440\u043e\u0432\u043e\u043c.<\/p>\t\t\t\t\t\t\t\t<\/div>\n\t\t\t\t<\/div>\n\t\t<div class=\"elementor-element elementor-element-3f06cb6 e-flex e-con-boxed e-con e-parent\" data-id=\"3f06cb6\" data-element_type=\"container\" data-e-type=\"container\">\n\t\t\t\t\t<div class=\"e-con-inner\">\n\t\t\t\t<div class=\"elementor-element elementor-element-2fa7908 elementor-widget__width-initial elementor-widget elementor-widget-heading\" data-id=\"2fa7908\" data-element_type=\"widget\" data-e-type=\"widget\" data-widget_type=\"heading.default\">\n\t\t\t\t\t<h2 class=\"elementor-heading-title elementor-size-default\">\u0428\u0442\u0430 \u043d\u0443\u0434\u0438\u043c\u043e?<\/h2>\t\t\t\t<\/div>\n\t\t\t\t<div class=\"elementor-element elementor-element-961fe48 elementor-widget elementor-widget-text-editor\" data-id=\"961fe48\" data-element_type=\"widget\" data-e-type=\"widget\" data-widget_type=\"text-editor.default\">\n\t\t\t\t\t\t\t\t\t<p>\u0423 \u0421\u043e\u043b\u0430\u0440 \u0422\u0435\u043a\u0443 \u043f\u043e\u043c\u0430\u0436\u0435\u043c\u043e \u0443 \u0446\u0435\u043b\u043e\u043c \u043f\u0440\u043e\u0446\u0435\u0441\u0443 \u043f\u0440\u0435\u043b\u0430\u0441\u043a\u0430 \u043d\u0430 \u0441\u043e\u043b\u0430\u0440\u043d\u0443 \u0435\u043d\u0435\u0440\u0433\u0438\u0458\u0443. \u041f\u0440\u0443\u0436\u0430\u043c\u043e \u0441\u0430\u0432\u0435\u0442\u0435, \u043f\u0440\u043e\u0458\u0435\u043a\u0442\u043e\u0432\u0430\u045a\u0435, \u0438\u043d\u0441\u0442\u0430\u043b\u0430\u0446\u0438\u0458\u0443 \u0438 \u043f\u043e\u0441\u0442-\u0438\u043d\u0441\u0442\u0430\u043b\u0430\u0446\u0438\u043e\u043d\u0443 \u043f\u043e\u0434\u0440\u0448\u043a\u0443.<\/p>\t\t\t\t\t\t\t\t<\/div>\n\t\t\t\t\t<\/div>\n\t\t\t\t<\/div>\n\t\t<div class=\"elementor-element elementor-element-747eb7b e-con-full e-flex e-con e-parent\" data-id=\"747eb7b\" data-element_type=\"container\" data-e-type=\"container\">\n\t\t<div class=\"elementor-element elementor-element-2ce5086 e-con-full e-flex e-con e-child\" data-id=\"2ce5086\" data-element_type=\"container\" data-e-type=\"container\" data-settings=\"{&quot;background_background&quot;:&quot;classic&quot;}\">\n\t\t\t\t<\/div>\n\t\t<div class=\"elementor-element elementor-element-8d22ddc e-con-full e-flex e-con e-child\" data-id=\"8d22ddc\" data-element_type=\"container\" data-e-type=\"container\">\n\t\t\t\t<div class=\"elementor-element elementor-element-84ae177 elementor-widget elementor-widget-heading\" data-id=\"84ae177\" data-element_type=\"widget\" data-e-type=\"widget\" data-widget_type=\"heading.default\">\n\t\t\t\t\t<h3 class=\"elementor-heading-title elementor-size-default\">\u0421\u0430\u0432\u0435\u0442\u043e\u0432\u0430\u045a\u0435<\/h3>\t\t\t\t<\/div>\n\t\t\t\t<div class=\"elementor-element elementor-element-25b24ba elementor-widget elementor-widget-text-editor\" data-id=\"25b24ba\" data-element_type=\"widget\" data-e-type=\"widget\" data-widget_type=\"text-editor.default\">\n\t\t\t\t\t\t\t\t\t<p>\u041f\u043e\u043c\u0430\u0436\u0435\u043c\u043e \u0432\u0430\u043c \u0434\u0430 \u0441\u0445\u0432\u0430\u0442\u0438\u0442\u0435 \u043a\u043e\u0458\u0435 \u0441\u043e\u043b\u0430\u0440\u043d\u043e \u0440\u0435\u0448\u0435\u045a\u0435 \u043d\u0430\u0458\u0431\u043e\u0459\u0435 \u043e\u0434\u0433\u043e\u0432\u0430\u0440\u0430 \u0432\u0430\u0448\u0435\u043c \u0434\u043e\u043c\u0443, \u043f\u043e\u0441\u043b\u043e\u0432\u0430\u045a\u0443 \u0438\u043b\u0438 \u043a\u043e\u043c\u0435\u0440\u0446\u0438\u0458\u0430\u043b\u043d\u0438\u043c \u043f\u0440\u043e\u0441\u0442\u043e\u0440\u0438\u0458\u0430\u043c\u0430.<\/p>\t\t\t\t\t\t\t\t<\/div>\n\t\t\t\t<div class=\"elementor-element elementor-element-b279e8a elementor-widget elementor-widget-heading\" data-id=\"b279e8a\" data-element_type=\"widget\" data-e-type=\"widget\" data-widget_type=\"heading.default\">\n\t\t\t\t\t<h3 class=\"elementor-heading-title elementor-size-default\">\u0414\u0438\u0437\u0430\u0458\u043d \u0441\u0438\u0441\u0442\u0435\u043c\u0430<\/h3>\t\t\t\t<\/div>\n\t\t\t\t<div class=\"elementor-element elementor-element-7ee16af elementor-widget elementor-widget-text-editor\" data-id=\"7ee16af\" data-element_type=\"widget\" data-e-type=\"widget\" data-widget_type=\"text-editor.default\">\n\t\t\t\t\t\t\t\t\t<p>\u041f\u0440\u043e\u0458\u0435\u043a\u0442\u0443\u0458\u0435\u043c\u043e \u043e\u043f\u0442\u0438\u043c\u0430\u043b\u0430\u043d \u0441\u0438\u0441\u0442\u0435\u043c \u043d\u0430 \u043e\u0441\u043d\u043e\u0432\u0443 \u0432\u0435\u043b\u0438\u0447\u0438\u043d\u0435 \u0437\u0433\u0440\u0430\u0434\u0435, \u043e\u0440\u0438\u0458\u0435\u043d\u0442\u0430\u0446\u0438\u0458\u0435 \u043a\u0440\u043e\u0432\u0430 \u0438 \u043f\u043e\u0442\u0440\u043e\u0448\u045a\u0435 \u0435\u043b\u0435\u043a\u0442\u0440\u0438\u0447\u043d\u0435 \u0435\u043d\u0435\u0440\u0433\u0438\u0458\u0435.<\/p>\t\t\t\t\t\t\t\t<\/div>\n\t\t\t\t<div class=\"elementor-element elementor-element-bf169a1 elementor-widget elementor-widget-heading\" data-id=\"bf169a1\" data-element_type=\"widget\" data-e-type=\"widget\" data-widget_type=\"heading.default\">\n\t\t\t\t\t<h3 class=\"elementor-heading-title elementor-size-default\">\u0418\u043d\u0441\u0442\u0430\u043b\u0430\u0446\u0438\u0458\u0430 \u0441\u043e\u043b\u0430\u0440\u043d\u0438\u0445 \u043f\u0430\u043d\u0435\u043b\u0430<\/h3>\t\t\t\t<\/div>\n\t\t\t\t<div class=\"elementor-element elementor-element-c0029b0 elementor-widget elementor-widget-text-editor\" data-id=\"c0029b0\" data-element_type=\"widget\" data-e-type=\"widget\" data-widget_type=\"text-editor.default\">\n\t\t\t\t\t\t\t\t\t<p>\u041f\u0440\u0443\u0436\u0430\u043c\u043e \u043f\u0440\u043e\u0444\u0435\u0441\u0438\u043e\u043d\u0430\u043b\u043d\u0443, \u0431\u0435\u0437\u0431\u0435\u0434\u043d\u0443 \u0438 \u0435\u0444\u0438\u043a\u0430\u0441\u043d\u0443 \u0438\u043d\u0441\u0442\u0430\u043b\u0430\u0446\u0438\u0458\u0443 \u0441\u043e\u043b\u0430\u0440\u043d\u0438\u0445 \u043f\u0430\u043d\u0435\u043b\u0430 \u043a\u043e\u0440\u0438\u0441\u0442\u0435\u045b\u0438 \u0432\u0438\u0441\u043e\u043a\u043e\u043a\u0432\u0430\u043b\u0438\u0442\u0435\u0442\u043d\u0435 \u043c\u0430\u0442\u0435\u0440\u0438\u0458\u0430\u043b\u0435 \u0438 \u043f\u0440\u043e\u0432\u0435\u0440\u0435\u043d\u0435 \u043c\u0435\u0442\u043e\u0434\u0435.<\/p>\t\t\t\t\t\t\t\t<\/div>\n\t\t\t\t<div class=\"elementor-element elementor-element-d4cb4d5 elementor-widget elementor-widget-heading\" data-id=\"d4cb4d5\" data-element_type=\"widget\" data-e-type=\"widget\" data-widget_type=\"heading.default\">\n\t\t\t\t\t<h3 class=\"elementor-heading-title elementor-size-default\">\u041f\u043e\u0434\u0440\u0448\u043a\u0430 \u0438 \u043e\u0434\u0440\u0436\u0430\u0432\u0430\u045a\u0435<\/h3>\t\t\t\t<\/div>\n\t\t\t\t<div class=\"elementor-element elementor-element-65ccf60 elementor-widget elementor-widget-text-editor\" data-id=\"65ccf60\" data-element_type=\"widget\" data-e-type=\"widget\" data-widget_type=\"text-editor.default\">\n\t\t\t\t\t\t\t\t\t<p>\u0427\u0430\u043a \u0438 \u043d\u0430\u043a\u043e\u043d \u0437\u0430\u0432\u0440\u0448\u0435\u0442\u043a\u0430 \u0438\u043d\u0441\u0442\u0430\u043b\u0430\u0446\u0438\u0458\u0435, \u043e\u0441\u0442\u0430\u0458\u0435\u043c\u043e \u0443\u0437 \u0432\u0430\u0441, \u043f\u0440\u0443\u0436\u0430\u0458\u0443\u045b\u0438 \u043f\u043e\u0434\u0440\u0448\u043a\u0443, \u0441\u0430\u0432\u0435\u0442\u0435 \u0438 \u043e\u0431\u0435\u0437\u0431\u0435\u0452\u0443\u0458\u0443\u045b\u0438 \u0434\u0443\u0433\u043e\u0440\u043e\u0447\u043d\u043e \u043f\u043e\u0443\u0437\u0434\u0430\u043d\u043e \u0444\u0443\u043d\u043a\u0446\u0438\u043e\u043d\u0438\u0441\u0430\u045a\u0435 \u0441\u0438\u0441\u0442\u0435\u043c\u0430.<\/p>\t\t\t\t\t\t\t\t<\/div>\n\t\t\t\t<\/div>\n\t\t\t\t<\/div>\n\t\t<div class=\"elementor-element elementor-element-bbdb64c e-con-full e-flex e-con e-parent\" data-id=\"bbdb64c\" data-element_type=\"container\" data-e-type=\"container\" data-settings=\"{&quot;background_background&quot;:&quot;classic&quot;}\">\n\t\t\t\t<\/div>\n\t\t<div class=\"elementor-element elementor-element-ad49b6f e-flex e-con-boxed e-con e-parent\" data-id=\"ad49b6f\" data-element_type=\"container\" data-e-type=\"container\">\n\t\t\t\t\t<div class=\"e-con-inner\">\n\t\t<div class=\"elementor-element elementor-element-cada9a4 e-con-full e-flex e-con e-child\" data-id=\"cada9a4\" data-element_type=\"container\" data-e-type=\"container\">\n\t\t\t\t<div class=\"elementor-element elementor-element-dc3ef1b elementor-widget elementor-widget-heading\" data-id=\"dc3ef1b\" data-element_type=\"widget\" data-e-type=\"widget\" data-widget_type=\"heading.default\">\n\t\t\t\t\t<h2 class=\"elementor-heading-title elementor-size-default\">\u0417\u0430\u0448\u0442\u043e \u0438\u0437\u0430\u0431\u0440\u0430\u0442\u0438 \u0421\u043e\u043b\u0430\u0440\u0422\u0435\u043a?<\/h2>\t\t\t\t<\/div>\n\t\t\t\t<\/div>\n\t\t<div class=\"elementor-element elementor-element-1ead29d e-con-full e-flex e-con e-child\" data-id=\"1ead29d\" data-element_type=\"container\" data-e-type=\"container\">\n\t\t\t\t<div class=\"elementor-element elementor-element-67232a0 elementor-widget elementor-widget-eael-progress-bar\" data-id=\"67232a0\" data-element_type=\"widget\" data-e-type=\"widget\" data-widget_type=\"eael-progress-bar.default\">\n\t\t\t\t\t<div class=\"eael-progressbar-circle-container center\">\n                \n            \n                <div class=\"eael-progressbar eael-progressbar-circle\" data-layout=\"circle\" data-count=\"100\" data-duration=\"2000\">\n                    <div class=\"eael-progressbar-circle-pie\">\n                        <div class=\"eael-progressbar-circle-half-left eael-progressbar-circle-half\"><\/div>\n                        <div class=\"eael-progressbar-circle-half-right eael-progressbar-circle-half\"><\/div>\n                    <\/div>\n                    <div class=\"eael-progressbar-circle-inner\"><\/div>\n                    <div class=\"eael-progressbar-circle-inner-content\">\n                        <h2 class=\"eael-progressbar-title\">\u041a\u0432\u0430\u043b\u0438\u0442\u0435\u0442<\/h2>\n                        <span class=\"eael-progressbar-count-wrap\"><span class=\"eael-progressbar-count\">0<\/span><span class=\"postfix\">%<\/span><\/span>\n                    <\/div>\n                <\/div>\n\n                \n            <\/div>\t\t\t\t<\/div>\n\t\t\t\t<\/div>\n\t\t<div class=\"elementor-element elementor-element-3039e07 e-con-full e-flex e-con e-child\" data-id=\"3039e07\" data-element_type=\"container\" data-e-type=\"container\">\n\t\t\t\t<div class=\"elementor-element elementor-element-4bd85e7 elementor-widget elementor-widget-eael-progress-bar\" data-id=\"4bd85e7\" data-element_type=\"widget\" data-e-type=\"widget\" data-widget_type=\"eael-progress-bar.default\">\n\t\t\t\t\t<div class=\"eael-progressbar-circle-container center\">\n                \n            \n                <div class=\"eael-progressbar eael-progressbar-circle\" data-layout=\"circle\" data-count=\"100\" data-duration=\"1500\">\n                    <div class=\"eael-progressbar-circle-pie\">\n                        <div class=\"eael-progressbar-circle-half-left eael-progressbar-circle-half\"><\/div>\n                        <div class=\"eael-progressbar-circle-half-right eael-progressbar-circle-half\"><\/div>\n                    <\/div>\n                    <div class=\"eael-progressbar-circle-inner\"><\/div>\n                    <div class=\"eael-progressbar-circle-inner-content\">\n                        <div class=\"eael-progressbar-title\">\u0415\u0444\u0438\u043a\u0430\u0441\u043d\u043e\u0441\u0442<\/div>\n                        <span class=\"eael-progressbar-count-wrap\"><span class=\"eael-progressbar-count\">0<\/span><span class=\"postfix\">%<\/span><\/span>\n                    <\/div>\n                <\/div>\n\n                \n            <\/div>\t\t\t\t<\/div>\n\t\t\t\t<\/div>\n\t\t<div class=\"elementor-element elementor-element-f27462b e-con-full e-flex e-con e-child\" data-id=\"f27462b\" data-element_type=\"container\" data-e-type=\"container\">\n\t\t\t\t<div class=\"elementor-element elementor-element-e508c44 elementor-widget elementor-widget-eael-progress-bar\" data-id=\"e508c44\" data-element_type=\"widget\" data-e-type=\"widget\" data-widget_type=\"eael-progress-bar.default\">\n\t\t\t\t\t<div class=\"eael-progressbar-circle-container center\">\n                \n            \n                <div class=\"eael-progressbar eael-progressbar-circle\" data-layout=\"circle\" data-count=\"100\" data-duration=\"2000\">\n                    <div class=\"eael-progressbar-circle-pie\">\n                        <div class=\"eael-progressbar-circle-half-left eael-progressbar-circle-half\"><\/div>\n                        <div class=\"eael-progressbar-circle-half-right eael-progressbar-circle-half\"><\/div>\n                    <\/div>\n                    <div class=\"eael-progressbar-circle-inner\"><\/div>\n                    <div class=\"eael-progressbar-circle-inner-content\">\n                        <div class=\"eael-progressbar-title\">\u0417\u0430\u0434\u043e\u0432\u043e\u0459\u0441\u0442\u0432\u043e<\/div>\n                        <span class=\"eael-progressbar-count-wrap\"><span class=\"eael-progressbar-count\">0<\/span><span class=\"postfix\">%<\/span><\/span>\n                    <\/div>\n                <\/div>\n\n                \n            <\/div>\t\t\t\t<\/div>\n\t\t\t\t<\/div>\n\t\t\t\t\t<\/div>\n\t\t\t\t<\/div>\n\t\t<div class=\"elementor-element elementor-element-923a5b4 e-flex e-con-boxed e-con e-parent\" data-id=\"923a5b4\" data-element_type=\"container\" data-e-type=\"container\" data-settings=\"{&quot;background_background&quot;:&quot;classic&quot;}\">\n\t\t\t\t\t<div class=\"e-con-inner\">\n\t\t\t\t<div class=\"elementor-element elementor-element-9a415a8 elementor-widget elementor-widget-heading\" data-id=\"9a415a8\" data-element_type=\"widget\" data-e-type=\"widget\" data-widget_type=\"heading.default\">\n\t\t\t\t\t<h3 class=\"elementor-heading-title elementor-size-default\">\u0421\u043f\u0440\u0435\u043c\u043d\u0438 \u0434\u0430 \u043f\u0440\u0435\u0452\u0435\u0442\u0435 \u043d\u0430 \u0441\u043e\u043b\u0430\u0440\u043d\u0443 \u0435\u043d\u0435\u0440\u0433\u0438\u0458\u0443?<\/h3>\t\t\t\t<\/div>\n\t\t\t\t<div class=\"elementor-element elementor-element-b77beba elementor-widget elementor-widget-text-editor\" data-id=\"b77beba\" data-element_type=\"widget\" data-e-type=\"widget\" data-widget_type=\"text-editor.default\">\n\t\t\t\t\t\t\t\t\t<h5>\u041e\u0431\u0440\u0430\u0442\u0438\u0442\u0435 \u043d\u0430\u043c \u0441\u0435 \u0437\u0430 \u0431\u0435\u0441\u043f\u043b\u0430\u0442\u043d\u0443 \u043f\u043e\u043d\u0443\u0434\u0443.<\/h5>\t\t\t\t\t\t\t\t<\/div>\n\t\t\t\t<div class=\"elementor-element elementor-element-023827e elementor-align-center elementor-invisible elementor-widget elementor-widget-button\" data-id=\"023827e\" data-element_type=\"widget\" data-e-type=\"widget\" data-settings=\"{&quot;_animation&quot;:&quot;fadeInUp&quot;,&quot;_animation_delay&quot;:400}\" data-widget_type=\"button.default\">\n\t\t\t\t\t\t\t\t\t\t<a class=\"elementor-button elementor-button-link elementor-size-sm\" href=\"https:\/\/solartech.life\/srb\/povprasevanje\/\">\n\t\t\t\t\t\t<span class=\"elementor-button-content-wrapper\">\n\t\t\t\t\t\t\t\t\t<span class=\"elementor-button-text\">\u0414\u043e\u0431\u0438\u0458\u0442\u0435 \u043f\u043e\u043d\u0443\u0434\u0443<\/span>\n\t\t\t\t\t<\/span>\n\t\t\t\t\t<\/a>\n\t\t\t\t\t\t\t\t<\/div>\n\t\t\t\t\t<\/div>\n\t\t\t\t<\/div>\n\t\t\t\t<\/div>","protected":false},"excerpt":{"rendered":"<p>Celovite solarne re\u0161itve Od svetovanja do monta\u017ee \u2013 vse na enem mestu. Kaj nudimo? Pri SolarTech pomagamo pri celotnem procesu prehoda na son\u010dno energijo. Poskrbimo za svetovanje, na\u010drtovanje, monta\u017eo in podporo po namestitvi. Svetovanje Pomagamo vam razumeti, katera solarna re\u0161itev je najprimernej\u0161a za va\u0161 dom, podjetje ali poslovni objekt. Na\u010drtovanje sistema Pripravimo optimalno zasnovo sistema [&hellip;]<\/p>\n","protected":false},"author":3,"featured_media":0,"parent":0,"menu_order":0,"comment_status":"closed","ping_status":"closed","template":"","meta":{"footnotes":""},"class_list":["post-34","page","type-page","status-publish","hentry"],"_links":{"self":[{"href":"https:\/\/solartech.life\/srb\/wp-json\/wp\/v2\/pages\/34","targetHints":{"allow":["GET"]}}],"collection":[{"href":"https:\/\/solartech.life\/srb\/wp-json\/wp\/v2\/pages"}],"about":[{"href":"https:\/\/solartech.life\/srb\/wp-json\/wp\/v2\/types\/page"}],"author":[{"embeddable":true,"href":"https:\/\/solartech.life\/srb\/wp-json\/wp\/v2\/users\/3"}],"replies":[{"embeddable":true,"href":"https:\/\/solartech.life\/srb\/wp-json\/wp\/v2\/comments?post=34"}],"version-history":[{"count":73,"href":"https:\/\/solartech.life\/srb\/wp-json\/wp\/v2\/pages\/34\/revisions"}],"predecessor-version":[{"id":1721,"href":"https:\/\/solartech.life\/srb\/wp-json\/wp\/v2\/pages\/34\/revisions\/1721"}],"wp:attachment":[{"href":"https:\/\/solartech.life\/srb\/wp-json\/wp\/v2\/media?parent=34"}],"curies":[{"name":"wp","href":"https:\/\/api.w.org\/{rel}","templated":true}]}}